{"id":9130,"date":"2024-08-16T10:57:05","date_gmt":"2024-08-16T10:57:05","guid":{"rendered":"https:\/\/viskasdantims.visiatsakymai.lt\/?post_type=product&#038;p=9130"},"modified":"2024-08-21T08:55:31","modified_gmt":"2024-08-21T08:55:31","slug":"relax-veidrodelis-burnos-apziurai-1-vnt","status":"publish","type":"product","link":"https:\/\/viskasdantims.visiatsakymai.lt\/en\/product\/relax-veidrodelis-burnos-apziurai-1-vnt\/","title":{"rendered":"Relax mirror for oral examination 1 pc."},"content":{"rendered":"<p>Relax mirror for oral examination.<\/p>\n<p>1 pc.<\/p>","protected":false},"excerpt":{"rendered":"<p>Veidrod\u0117lis Relax burnos ap\u017ei\u016brai. 1 vnt.<\/p>","protected":false},"featured_media":9131,"comment_status":"open","ping_status":"closed","template":"","meta":[],"product_brand":[],"product_cat":[239],"product_tag":[],"class_list":{"0":"post-9130","1":"product","2":"type-product","3":"status-publish","4":"has-post-thumbnail","6":"product_cat-burnos-higiena","8":"first","9":"outofstock","10":"shipping-taxable","11":"purchasable","12":"product-type-simple","13":"customify-col"},"_links":{"self":[{"href":"https:\/\/viskasdantims.visiatsakymai.lt\/en\/wp-json\/wp\/v2\/product\/9130","targetHints":{"allow":["GET"]}}],"collection":[{"href":"https:\/\/viskasdantims.visiatsakymai.lt\/en\/wp-json\/wp\/v2\/product"}],"about":[{"href":"https:\/\/viskasdantims.visiatsakymai.lt\/en\/wp-json\/wp\/v2\/types\/product"}],"replies":[{"embeddable":true,"href":"https:\/\/viskasdantims.visiatsakymai.lt\/en\/wp-json\/wp\/v2\/comments?post=9130"}],"wp:featuredmedia":[{"embeddable":true,"href":"https:\/\/viskasdantims.visiatsakymai.lt\/en\/wp-json\/wp\/v2\/media\/9131"}],"wp:attachment":[{"href":"https:\/\/viskasdantims.visiatsakymai.lt\/en\/wp-json\/wp\/v2\/media?parent=9130"}],"wp:term":[{"taxonomy":"product_brand","embeddable":true,"href":"https:\/\/viskasdantims.visiatsakymai.lt\/en\/wp-json\/wp\/v2\/product_brand?post=9130"},{"taxonomy":"product_cat","embeddable":true,"href":"https:\/\/viskasdantims.visiatsakymai.lt\/en\/wp-json\/wp\/v2\/product_cat?post=9130"},{"taxonomy":"product_tag","embeddable":true,"href":"https:\/\/viskasdantims.visiatsakymai.lt\/en\/wp-json\/wp\/v2\/product_tag?post=9130"}],"curies":[{"name":"wp","href":"https:\/\/api.w.org\/{rel}","templated":true}]}}