{"id":7968,"date":"2024-07-15T09:35:55","date_gmt":"2024-07-15T09:35:55","guid":{"rendered":"https:\/\/viskasdantims.visiatsakymai.lt\/?post_type=product&#038;p=7968"},"modified":"2024-08-21T09:04:31","modified_gmt":"2024-08-21T09:04:31","slug":"claridex-dantu-balinimo-svirkstas-16-22-3g","status":"publish","type":"product","link":"https:\/\/viskasdantims.visiatsakymai.lt\/en\/product\/claridex-dantu-balinimo-svirkstas-16-22-3g\/","title":{"rendered":"Claridex teeth whitening syringe (16% \/ 22%) 3g"},"content":{"rendered":"<div>Claridex teeth whitening syringe:<\/div>\n<div class=\"lRu31\"><span class=\"HwtZe\" lang=\"lt\"><span class=\"jCAhz ChMk0b\"><span class=\"ryNqvb\">Carbamide peroxide teeth whitener 16% and 22%.<\/span><\/span> <span class=\"jCAhz ChMk0b\"><span class=\"ryNqvb\">CLARIDEX EVOLUTION is a high viscosity, neutral pH (6.0 to 7.0) carbamide peroxide gel for self (home use) with a professional.<\/span><\/span> <span class=\"jCAhz ChMk0b\"><span class=\"ryNqvb\">It is evenly applied in the pits, fixed so that the teeth are in contact with the gel.<\/span><\/span> <span class=\"jCAhz ChMk0b\"><span class=\"ryNqvb\">It can be used during the day (when more saliva is produced) from 2 to 4 hours or at bedtime, depending on the indications of the dentist.<\/span><\/span><\/span><\/div>\n<div><\/div>\n<div>3 years<\/div>\n<div class=\"UdTY9 WdefRb\" aria-hidden=\"true\" data-location=\"2\">\n<div class=\"kO6q6e\"><\/div>\n<\/div>","protected":false},"excerpt":{"rendered":"<p>Claridex dant\u0173 balinimo \u0161virk\u0161tas: Karbamido peroksido dant\u0173 baliklis 16% ir 22%. CLARIDEX EVOLUTION yra didelio klampumo ir neutralaus pH (nuo 6,0 iki 7,0) karbamido peroksido&hellip;<\/p>","protected":false},"featured_media":8816,"comment_status":"open","ping_status":"closed","template":"","meta":[],"product_brand":[],"product_cat":[218],"product_tag":[],"class_list":{"0":"post-7968","1":"product","2":"type-product","3":"status-publish","4":"has-post-thumbnail","6":"product_cat-dantu-balinimas-burnos-prieziuros-priemones","8":"first","9":"outofstock","10":"shipping-taxable","11":"product-type-variable","12":"customify-col"},"_links":{"self":[{"href":"https:\/\/viskasdantims.visiatsakymai.lt\/en\/wp-json\/wp\/v2\/product\/7968","targetHints":{"allow":["GET"]}}],"collection":[{"href":"https:\/\/viskasdantims.visiatsakymai.lt\/en\/wp-json\/wp\/v2\/product"}],"about":[{"href":"https:\/\/viskasdantims.visiatsakymai.lt\/en\/wp-json\/wp\/v2\/types\/product"}],"replies":[{"embeddable":true,"href":"https:\/\/viskasdantims.visiatsakymai.lt\/en\/wp-json\/wp\/v2\/comments?post=7968"}],"wp:featuredmedia":[{"embeddable":true,"href":"https:\/\/viskasdantims.visiatsakymai.lt\/en\/wp-json\/wp\/v2\/media\/8816"}],"wp:attachment":[{"href":"https:\/\/viskasdantims.visiatsakymai.lt\/en\/wp-json\/wp\/v2\/media?parent=7968"}],"wp:term":[{"taxonomy":"product_brand","embeddable":true,"href":"https:\/\/viskasdantims.visiatsakymai.lt\/en\/wp-json\/wp\/v2\/product_brand?post=7968"},{"taxonomy":"product_cat","embeddable":true,"href":"https:\/\/viskasdantims.visiatsakymai.lt\/en\/wp-json\/wp\/v2\/product_cat?post=7968"},{"taxonomy":"product_tag","embeddable":true,"href":"https:\/\/viskasdantims.visiatsakymai.lt\/en\/wp-json\/wp\/v2\/product_tag?post=7968"}],"curies":[{"name":"wp","href":"https:\/\/api.w.org\/{rel}","templated":true}]}}