{"id":7954,"date":"2024-07-15T09:35:31","date_gmt":"2024-07-15T09:35:31","guid":{"rendered":"https:\/\/viskasdantims.visiatsakymai.lt\/?post_type=product&#038;p=7954"},"modified":"2024-08-22T08:44:00","modified_gmt":"2024-08-22T08:44:00","slug":"vaikiski-dantu-sepeteliai-su-laikmaciu","status":"publish","type":"product","link":"https:\/\/viskasdantims.visiatsakymai.lt\/en\/product\/vaikiski-dantu-sepeteliai-su-laikmaciu\/","title":{"rendered":"Children&#039;s toothbrushes with a timer"},"content":{"rendered":"<p>Children&#039;s toothbrushes with a timer (the light on the toothbrush flashes for 2 minutes).<\/p>\n<p>Suitable for children from 3 years old.<\/p>\n<p>Various colors.<\/p>\n<p>1TP5Steamer #toothbrush #timer #timer<\/p>","protected":false},"excerpt":{"rendered":"<p>Vaiki\u0161ki dant\u0173 \u0161epet\u0117liai su laikma\u010diu (lemput\u0117 ant dant\u0173 \u0161epet\u0117lio mirksi 2 min). Tinkami nuo 3 met\u0173 vaikams. \u012evairi\u0173 spalv\u0173. #vaiki\u0161kas #dant\u0173 #\u0161epet\u0117lis #timer #laikmatis<\/p>","protected":false},"featured_media":8006,"comment_status":"open","ping_status":"closed","template":"","meta":[],"product_brand":[],"product_cat":[220,226],"product_tag":[],"class_list":{"0":"post-7954","1":"product","2":"type-product","3":"status-publish","4":"has-post-thumbnail","6":"product_cat-dantu-sepeteliai","7":"product_cat-vaikams","9":"first","10":"outofstock","11":"shipping-taxable","12":"purchasable","13":"product-type-simple","14":"customify-col"},"_links":{"self":[{"href":"https:\/\/viskasdantims.visiatsakymai.lt\/en\/wp-json\/wp\/v2\/product\/7954","targetHints":{"allow":["GET"]}}],"collection":[{"href":"https:\/\/viskasdantims.visiatsakymai.lt\/en\/wp-json\/wp\/v2\/product"}],"about":[{"href":"https:\/\/viskasdantims.visiatsakymai.lt\/en\/wp-json\/wp\/v2\/types\/product"}],"replies":[{"embeddable":true,"href":"https:\/\/viskasdantims.visiatsakymai.lt\/en\/wp-json\/wp\/v2\/comments?post=7954"}],"wp:featuredmedia":[{"embeddable":true,"href":"https:\/\/viskasdantims.visiatsakymai.lt\/en\/wp-json\/wp\/v2\/media\/8006"}],"wp:attachment":[{"href":"https:\/\/viskasdantims.visiatsakymai.lt\/en\/wp-json\/wp\/v2\/media?parent=7954"}],"wp:term":[{"taxonomy":"product_brand","embeddable":true,"href":"https:\/\/viskasdantims.visiatsakymai.lt\/en\/wp-json\/wp\/v2\/product_brand?post=7954"},{"taxonomy":"product_cat","embeddable":true,"href":"https:\/\/viskasdantims.visiatsakymai.lt\/en\/wp-json\/wp\/v2\/product_cat?post=7954"},{"taxonomy":"product_tag","embeddable":true,"href":"https:\/\/viskasdantims.visiatsakymai.lt\/en\/wp-json\/wp\/v2\/product_tag?post=7954"}],"curies":[{"name":"wp","href":"https:\/\/api.w.org\/{rel}","templated":true}]}}